{"id":6737,"date":"2016-06-13T15:48:45","date_gmt":"2016-06-13T13:48:45","guid":{"rendered":"https:\/\/prod.voiptiger.com\/a-propos-de-nous\/"},"modified":"2022-11-20T08:05:16","modified_gmt":"2022-11-20T07:05:16","slug":"a-propos-de-nous","status":"publish","type":"page","link":"https:\/\/www.voiptiger.com\/fr\/a-propos-de-nous\/","title":{"rendered":"\u00c0 propos de nous"},"content":{"rendered":"<p>[vc_row wrap_container=\u00a0\u00bbyes\u00a0\u00bb el_class=\u00a0\u00bbpb-5 overflow-hidden\u00a0\u00bb][vc_column width=\u00a0\u00bb3\/4&Prime; el_class=\u00a0\u00bbmx-md-auto\u00a0\u00bb animation_type=\u00a0\u00bbmaskUp\u00a0\u00bb]<h2 class=\"word-rotator slide short m-t-xxl\" style=\"font-size:32px;line-height:46px;text-align:center;\" data-plugin-options=\"{'waittime': 2500, 'pauseOnHover': false}\"><span class=\"word-rotate-prefix\" style=\"font-weight:700;font-size:32px !important;\">VoipTiger est le premier fournisseur VOIP au monde \u00e0 offrir un PBX virtuel<\/span> <span class=\"word-rotator-items has-bg\" style=\"color:#ffffff;background:#ff6600;\"><b class=\"active\">GRATUIT <\/b><\/span><\/h2>[vc_column_text css_animation=\u00a0\u00bbnone\u00a0\u00bb el_class=\u00a0\u00bbtext-center\u00a0\u00bb]<\/p>\n<p class=\"lead\">Fond\u00e9e en 2012, la soci\u00e9t\u00e9 belge VoipTiger.com a \u00e9t\u00e9 le premier fournisseur VoIP au monde \u00e0 proposer un PBX GRATUIT virtuel sur Internet.<\/p>\n<p>[\/vc_column_text][\/vc_column][\/vc_row][vc_row wrap_container=\u00a0\u00bbyes\u00a0\u00bb animation_delay=\u00a0\u00bb\u00a0\u00bb el_class=\u00a0\u00bbpb-5&Prime;][vc_column][vc_row_inner][vc_column_inner width=\u00a0\u00bb1\/2&Prime; animation_delay=\u00a0\u00bb800&Prime; animation_type=\u00a0\u00bbfadeInLeft\u00a0\u00bb]<div class=\"porto-sicon-box  wpb_custom_1efe903570d178ff0a9b7bfa5febd3a4 style_1 left-icon\"><div class=\"porto-sicon-body\"><div class=\"porto-sicon-header\"><h3 class=\"porto-sicon-title\" style=\"font-weight:700;font-size:16.8px;\">NOTRE MISSION<\/h3><\/div> <!-- header --><div class=\"porto-sicon-description\" style=\"\">Des conversations professionnelles qui renforcent le pouvoir de l&rsquo;esprit humain. Plus simple, plus riche, automatis\u00e9.<\/div> <!-- description --><\/div><\/div><!-- porto-sicon-box -->[\/vc_column_inner][vc_column_inner width=\u00a0\u00bb1\/2&Prime; animation_delay=\u00a0\u00bb600&Prime; animation_type=\u00a0\u00bbfadeIn\u00a0\u00bb]<div class=\"porto-sicon-box  wpb_custom_1efe903570d178ff0a9b7bfa5febd3a4 style_1 left-icon\"><div class=\"porto-sicon-body\"><div class=\"porto-sicon-header\"><h3 class=\"porto-sicon-title\" style=\"font-weight:700;font-size:16.8px;\">NOTRE VISION<\/h3><\/div> <!-- header --><div class=\"porto-sicon-description\" style=\"\">Nous construisons une suite t\u00e9l\u00e9phonique moderne qui am\u00e9liore fondamentalement la fa\u00e7on dont les \u00e9quipes font leur travail, et une entreprise avec une \u00e2me avec laquelle les gens veulent travailler, s&rsquo;associer et grandir.<\/div> <!-- description --><\/div><\/div><!-- porto-sicon-box -->[\/vc_column_inner][\/vc_row_inner][\/vc_column][\/vc_row][vc_row is_section=\u00a0\u00bbyes\u00a0\u00bb remove_margin_top=\u00a0\u00bbyes\u00a0\u00bb remove_margin_bottom=\u00a0\u00bbyes\u00a0\u00bb remove_border=\u00a0\u00bbyes\u00a0\u00bb el_class=\u00a0\u00bbp-t-xxl row-align-items-center\u00a0\u00bb conditional_render=\u00a0\u00bb%5B%7B%22value_role%22%3A%22administrator%22%7D%5D\u00a0\u00bb][vc_column offset=\u00a0\u00bbvc_col-md-6&Prime; el_class=\u00a0\u00bbpe-lg-5 mb-sm-5 mb-lg-0&Prime;][vc_custom_heading text=\u00a0\u00bbQui nous sommes<b><\/b>\u00a0\u00bb font_container=\u00a0\u00bbtag:h2|font_size:25|text_align:left|line_height:1&Prime; use_theme_fonts=\u00a0\u00bbyes\u00a0\u00bb el_class=\u00a0\u00bbmb-3&Prime;][vc_column_text]VoipTiger.com, faisant partie de FASTfiber.be (ex. BelgianTelecom), a plus de 20 ans d&rsquo;exp\u00e9rience dans l&rsquo;industrie de la t\u00e9l\u00e9phonie.[\/vc_column_text][\/vc_column][vc_column width=\u00a0\u00bb1\/2&Prime; offset=\u00a0\u00bbvc_col-md-offset-2 vc_col-md-4 vc_col-sm-offset-4&Prime; el_class=\u00a0\u00bbcol-sm-8 offset-sm-5 mt-sm-5 pt-sm-5&Prime;][vc_single_image image=\u00a0\u00bb916&Prime; img_size=\u00a0\u00bbfull\u00a0\u00bb animation_delay=\u00a0\u00bb300&Prime; css_animation=\u00a0\u00bbnone\u00a0\u00bb el_class=\u00a0\u00bbposition-absolute d-none d-sm-block\u00a0\u00bb css=\u00a0\u00bb.vc_custom_1542029850534{margin-top: 10% !important;margin-left: -54% !important;}\u00a0\u00bb animation_type=\u00a0\u00bbzoomIn\u00a0\u00bb][vc_single_image image=\u00a0\u00bb917&Prime; img_size=\u00a0\u00bbfull\u00a0\u00bb animation_delay=\u00a0\u00bb100&Prime; el_class=\u00a0\u00bbposition-absolute d-none d-sm-block\u00a0\u00bb css=\u00a0\u00bb.vc_custom_1542029951008{margin-top: -26% !important;margin-left: -33% !important;}\u00a0\u00bb animation_type=\u00a0\u00bbzoomIn\u00a0\u00bb][vc_single_image image=\u00a0\u00bb918&Prime; img_size=\u00a0\u00bbfull\u00a0\u00bb animation_delay=\u00a0\u00bb600&Prime; el_class=\u00a0\u00bbposition-relative mb-0&Prime; animation_type=\u00a0\u00bbzoomIn\u00a0\u00bb][\/vc_column][\/vc_row][vc_row wrap_container=\u00a0\u00bbyes\u00a0\u00bb animation_delay=\u00a0\u00bb\u00a0\u00bb css=\u00a0\u00bb.vc_custom_1663780178941{padding-top: 30px !important;padding-bottom: 10px !important;background-color: #ffffff !important;}\u00a0\u00bb conditional_render=\u00a0\u00bb%5B%7B%22value_role%22%3A%22administrator%22%7D%5D\u00a0\u00bb][vc_column][vc_row_inner][vc_column_inner el_class=\u00a0\u00bbcol-sm-6&Prime; width=\u00a0\u00bb1\/2&Prime; offset=\u00a0\u00bbvc_col-md-3&Prime;]<div class=\"stats-block stats-top   wpb_custom_a517333ace5b1666c6af8bd4684f1de9 \"><div class=\"porto-sicon-top\"><div class=\"porto-just-icon-wrapper porto-icon none\" style=\"color:#212529;font-size:25px;\"><i class=\"Simple-Line-Icons-user\"><\/i><\/div><\/div><div class=\"stats-desc\"><div id=\"counter_204508329969fdede841689\" data-id=\"counter_204508329969fdede841689\" class=\"stats-number\" style=\" font-weight:800;font-size:35px;line-height:35px;color:#212529;\" data-speed=\"3\" data-counter-value=\"5000\" data-separator=\"none\" data-decimal=\".\">0<\/div><div class=\"counter_suffix mycust\" style=\" font-weight:800;font-size:35px;line-height:35px;color:#212529\">+<\/div><div class=\"stats-text\" style=\"font-size:16.8px;\">Clients satisfaits<\/div><\/div><\/div>[\/vc_column_inner][vc_column_inner el_class=\u00a0\u00bbcol-sm-6&Prime; width=\u00a0\u00bb1\/2&Prime; offset=\u00a0\u00bbvc_col-md-3&Prime;]<div class=\"stats-block stats-top   wpb_custom_a517333ace5b1666c6af8bd4684f1de9 \"><div class=\"porto-sicon-top\"><div class=\"porto-just-icon-wrapper porto-icon none\" style=\"color:#212529;font-size:25px;\"><i class=\"Simple-Line-Icons-badge\"><\/i><\/div><\/div><div class=\"stats-desc\"><div id=\"counter_81140714369fdede8419f8\" data-id=\"counter_81140714369fdede8419f8\" class=\"stats-number\" style=\" font-weight:800;font-size:35px;line-height:35px;color:#212529;\" data-speed=\"3\" data-counter-value=\"15\" data-separator=\"none\" data-decimal=\".\">0<\/div><div class=\"stats-text\" style=\"font-size:16.8px;\"> Ans d'activit\u00e9<\/div><\/div><\/div>[\/vc_column_inner][vc_column_inner el_class=\u00a0\u00bbcol-sm-6&Prime; width=\u00a0\u00bb1\/2&Prime; offset=\u00a0\u00bbvc_col-md-3&Prime;]<div class=\"stats-block stats-top   wpb_custom_a517333ace5b1666c6af8bd4684f1de9 \"><div class=\"porto-sicon-top\"><div class=\"porto-just-icon-wrapper porto-icon none\" style=\"color:#212529;font-size:25px;\"><i class=\"Simple-Line-Icons-folder-alt\"><\/i><\/div><\/div><div class=\"stats-desc\"><div id=\"counter_156842947469fdede841d20\" data-id=\"counter_156842947469fdede841d20\" class=\"stats-number\" style=\" font-weight:800;font-size:35px;line-height:35px;color:#212529;\" data-speed=\"3\" data-counter-value=\"17000\" data-separator=\"none\" data-decimal=\".\">0<\/div><div class=\"counter_suffix mycust\" style=\" font-weight:800;font-size:35px;line-height:35px;\">+<\/div><div class=\"stats-text\" style=\"font-size:16.8px;\"> Tickets r\u00e9solus<\/div><\/div><\/div>[\/vc_column_inner][vc_column_inner el_class=\u00a0\u00bbcol-sm-6&Prime; width=\u00a0\u00bb1\/2&Prime; offset=\u00a0\u00bbvc_col-md-3&Prime;]<div class=\"stats-block stats-top   wpb_custom_a517333ace5b1666c6af8bd4684f1de9 \"><div class=\"porto-sicon-top\"><div class=\"porto-just-icon-wrapper porto-icon none\" style=\"color:#212529;font-size:25px;\"><i class=\"Simple-Line-Icons-cup\"><\/i><\/div><\/div><div class=\"stats-desc\"><div id=\"counter_76072271769fdede842063\" data-id=\"counter_76072271769fdede842063\" class=\"stats-number\" style=\" font-weight:800;font-size:35px;line-height:35px;color:#212529;\" data-speed=\"3\" data-counter-value=\"10000\" data-separator=\"none\" data-decimal=\".\">0<\/div><div class=\"counter_suffix mycust\" style=\" font-weight:800;font-size:35px;line-height:35px;\">+<\/div><div class=\"stats-text\" style=\"font-size:16.8px;\">Tasses de caf\u00e9<\/div><\/div><\/div>[\/vc_column_inner][\/vc_row_inner][\/vc_column][\/vc_row]<\/p>\n","protected":false},"excerpt":{"rendered":"<p>[vc_row wrap_container=\u00a0\u00bbyes\u00a0\u00bb el_class=\u00a0\u00bbpb-5 overflow-hidden\u00a0\u00bb][vc_column width=\u00a0\u00bb3\/4&Prime; el_class=\u00a0\u00bbmx-md-auto\u00a0\u00bb animation_type=\u00a0\u00bbmaskUp\u00a0\u00bb][vc_column_text css_animation=\u00a0\u00bbnone\u00a0\u00bb el_class=\u00a0\u00bbtext-center\u00a0\u00bb] Fond\u00e9e en 2012, la soci\u00e9t\u00e9 belge VoipTiger.com a \u00e9t\u00e9 le premier fournisseur VoIP au monde \u00e0 proposer un PBX GRATUIT virtuel sur Internet. [\/vc_column_text][\/vc_column][\/vc_row][vc_row wrap_container=\u00a0\u00bbyes\u00a0\u00bb animation_delay=\u00a0\u00bb\u00a0\u00bb el_class=\u00a0\u00bbpb-5&Prime;][vc_column][vc_row_inner][vc_column_inner width=\u00a0\u00bb1\/2&Prime; animation_delay=\u00a0\u00bb800&Prime; animation_type=\u00a0\u00bbfadeInLeft\u00a0\u00bb][\/vc_column_inner][vc_column_inner width=\u00a0\u00bb1\/2&Prime; animation_delay=\u00a0\u00bb600&Prime; animation_type=\u00a0\u00bbfadeIn\u00a0\u00bb][\/vc_column_inner][\/vc_row_inner][\/vc_column][\/vc_row][vc_row is_section=\u00a0\u00bbyes\u00a0\u00bb remove_margin_top=\u00a0\u00bbyes\u00a0\u00bb remove_margin_bottom=\u00a0\u00bbyes\u00a0\u00bb remove_border=\u00a0\u00bbyes\u00a0\u00bb el_class=\u00a0\u00bbp-t-xxl row-align-items-center\u00a0\u00bb conditional_render=\u00a0\u00bb%5B%7B%22value_role%22%3A%22administrator%22%7D%5D\u00a0\u00bb][vc_column offset=\u00a0\u00bbvc_col-md-6&Prime; el_class=\u00a0\u00bbpe-lg-5 mb-sm-5 mb-lg-0&Prime;][vc_custom_heading text=\u00a0\u00bbQui nous [&hellip;]<\/p>\n","protected":false},"author":1,"featured_media":0,"parent":0,"menu_order":0,"comment_status":"closed","ping_status":"closed","template":"","meta":{"footnotes":""},"class_list":["post-6737","page","type-page","status-publish","hentry"],"_links":{"self":[{"href":"https:\/\/www.voiptiger.com\/fr\/wp-json\/wp\/v2\/pages\/6737","targetHints":{"allow":["GET"]}}],"collection":[{"href":"https:\/\/www.voiptiger.com\/fr\/wp-json\/wp\/v2\/pages"}],"about":[{"href":"https:\/\/www.voiptiger.com\/fr\/wp-json\/wp\/v2\/types\/page"}],"author":[{"embeddable":true,"href":"https:\/\/www.voiptiger.com\/fr\/wp-json\/wp\/v2\/users\/1"}],"replies":[{"embeddable":true,"href":"https:\/\/www.voiptiger.com\/fr\/wp-json\/wp\/v2\/comments?post=6737"}],"version-history":[{"count":7,"href":"https:\/\/www.voiptiger.com\/fr\/wp-json\/wp\/v2\/pages\/6737\/revisions"}],"predecessor-version":[{"id":6740,"href":"https:\/\/www.voiptiger.com\/fr\/wp-json\/wp\/v2\/pages\/6737\/revisions\/6740"}],"wp:attachment":[{"href":"https:\/\/www.voiptiger.com\/fr\/wp-json\/wp\/v2\/media?parent=6737"}],"curies":[{"name":"wp","href":"https:\/\/api.w.org\/{rel}","templated":true}]}}