{"id":6765,"date":"2022-09-23T06:27:03","date_gmt":"2022-09-23T04:27:03","guid":{"rendered":"https:\/\/prod.voiptiger.com\/smartphone\/"},"modified":"2022-11-20T10:01:37","modified_gmt":"2022-11-20T09:01:37","slug":"smartphone","status":"publish","type":"page","link":"https:\/\/www.voiptiger.com\/fr\/smartphone\/","title":{"rendered":"Smartphone"},"content":{"rendered":"<p>[vc_row wrap_container=\u00a0\u00bbyes\u00a0\u00bb css=\u00a0\u00bb.vc_custom_1544418348472{padding-top: 60px !important;}\u00a0\u00bb][vc_column width=\u00a0\u00bb5\/6&Prime; offset=\u00a0\u00bbvc_col-sm-offset-1&Prime;]<h2 class=\"word-rotator slide short\" data-appear-animation=\"fadeInUp\" style=\"text-align:center;\" data-plugin-options=\"{'waittime': 1500, 'pauseOnHover': false}\"><span class=\"word-rotate-prefix\" style=\"font-weight:700;font-size:32px !important;\">Appels<\/span> <span class=\"word-rotator-items has-bg\" style=\"color:#ffffff;background:#ff6600;\"><b class=\"active\">super<\/b><b>tr\u00e9s<\/b><\/span> <span class=\"word-rotate-suffix\" style=\"font-weight:700;font-size:32px !important;\">avantageux  avec votre smartphone<\/span><\/h2>[vc_column_text css_animation=\u00a0\u00bbfadeInUp\u00a0\u00bb el_class=\u00a0\u00bbfeatured lead\u00a0\u00bb]<\/p>\n<p style=\"text-align: center;\">\u00c9conomisez environ 75% sur vos appels mobiles en appelant en WIFI ou 4G\/5G sur votre t\u00e9l\u00e9phone Android ou Iphone.<br \/>\nTarifs fous : Appelez les r\u00e9seaux mobiles en Belgique, Hollande, France, Allemagne et Royaume-Uni \u00e0 partir de 0,0165 \u20ac\/minute.<\/p>\n<p>[\/vc_column_text][\/vc_column][\/vc_row][vc_row wrap_container=\u00a0\u00bbyes\u00a0\u00bb animation_delay=\u00a0\u00bb\u00a0\u00bb css=\u00a0\u00bb.vc_custom_1544419116391{padding-top: 80px !important;padding-bottom: 60px !important;background-color: #ededed !important;}\u00a0\u00bb][vc_column][vc_custom_heading text=\u00a0\u00bbPourquoi appeler avec un t\u00e9l\u00e9phone Android\/Iphone\/Ipad en WIFI ou 4\/5G ?\u00a0\u00bb font_container=\u00a0\u00bbtag:h1|font_size:32px|text_align:center\u00a0\u00bb use_theme_fonts=\u00a0\u00bbyes\u00a0\u00bb css=\u00a0\u00bb.vc_custom_1664035647925{margin-bottom: 40px !important;}\u00a0\u00bb][\/vc_column][vc_column width=\u00a0\u00bb1\/2&Prime; animation_delay=\u00a0\u00bb300&Prime; animation_type=\u00a0\u00bbfadeInRight\u00a0\u00bb]<div class=\"porto-sicon-box  wpb_custom_1efe903570d178ff0a9b7bfa5febd3a4 style_1 left-icon\"><div class=\"porto-sicon-left\"><div class=\"porto-just-icon-wrapper porto-icon advanced\" style=\"color:#0088cc;background:transparent;width:36px;height:36px;line-height:36px;border-radius:500px;font-size:28px;\"><i class=\"Simple-Line-Icons-support\"><\/i><\/div><\/div><div class=\"porto-sicon-body\"><div class=\"porto-sicon-header\"><h3 class=\"porto-sicon-title\" style=\"font-weight:700;\">Facilit\u00e9 d'utilisation<\/h3><\/div> <!-- header --><div class=\"porto-sicon-description\" style=\"\">Vous n&rsquo;avez besoin que d&rsquo;une connexion WIFI. \u00c0 la maison, au bureau, dans un restaurant ou un bar, ou dans la rue (en utilisant par exemple FON), cela fonctionnera partout dans le monde.<\/div> <!-- description --><\/div><\/div><!-- porto-sicon-box -->[\/vc_column][vc_column width=\u00a0\u00bb1\/2&Prime; animation_type=\u00a0\u00bbfadeInUp\u00a0\u00bb]<div class=\"porto-sicon-box  wpb_custom_1efe903570d178ff0a9b7bfa5febd3a4 style_1 left-icon\"><div class=\"porto-sicon-left\"><div class=\"porto-just-icon-wrapper porto-icon advanced\" style=\"color:#0088cc;background:transparent;width:36px;height:36px;line-height:36px;border-radius:500px;font-size:28px;\"><i class=\"Simple-Line-Icons-layers\"><\/i><\/div><\/div><div class=\"porto-sicon-body\"><div class=\"porto-sicon-header\"><h3 class=\"porto-sicon-title\" style=\"font-weight:700;\">CLIP<\/h3><\/div> <!-- header --><div class=\"porto-sicon-description\" style=\"\">Possibilit\u00e9 d&rsquo;afficher votre num\u00e9ro de mobile lors des appels sortants.<\/div> <!-- description --><\/div><\/div><!-- porto-sicon-box -->[\/vc_column][vc_column width=\u00a0\u00bb1\/2&Prime; animation_delay=\u00a0\u00bb300&Prime; animation_type=\u00a0\u00bbfadeInRight\u00a0\u00bb]<div class=\"porto-sicon-box  wpb_custom_1efe903570d178ff0a9b7bfa5febd3a4 style_1 left-icon\"><div class=\"porto-sicon-left\"><div class=\"porto-just-icon-wrapper porto-icon advanced\" style=\"color:#0088cc;background:transparent;width:36px;height:36px;line-height:36px;border-radius:500px;font-size:28px;\"><i class=\"Simple-Line-Icons-doc\"><\/i><\/div><\/div><div class=\"porto-sicon-body\"><div class=\"porto-sicon-header\"><h3 class=\"porto-sicon-title\" style=\"font-weight:700;\">Tarifs bas<\/h3><\/div> <!-- header --><div class=\"porto-sicon-description\" style=\"\">Passez et recevez des appels sur votre appareil \u00e0 des tarifs tr\u00e8s bas. Beaucoup plus bas que vos tarifs mobiles actuels.<\/div> <!-- description --><\/div><\/div><!-- porto-sicon-box -->[\/vc_column][vc_column width=\u00a0\u00bb1\/2&Prime; animation_type=\u00a0\u00bbfadeInUp\u00a0\u00bb]<div class=\"porto-sicon-box  wpb_custom_1efe903570d178ff0a9b7bfa5febd3a4 style_1 left-icon\"><div class=\"porto-sicon-left\"><div class=\"porto-just-icon-wrapper porto-icon advanced\" style=\"color:#0088cc;background:transparent;width:36px;height:36px;line-height:36px;border-radius:500px;font-size:28px;\"><i class=\"Simple-Line-Icons-user\"><\/i><\/div><\/div><div class=\"porto-sicon-body\"><div class=\"porto-sicon-header\"><h3 class=\"porto-sicon-title\" style=\"font-weight:700;\">R\u00e9seaux<\/h3><\/div> <!-- header --><div class=\"porto-sicon-description\" style=\"\">Choisissez entre le WIFI et l&rsquo;internet mobile pour passer des appels.<\/div> <!-- description --><\/div><\/div><!-- porto-sicon-box -->[\/vc_column][\/vc_row][vc_row wrap_container=\u00a0\u00bbyes\u00a0\u00bb css=\u00a0\u00bb.vc_custom_1663780190174{padding-top: 30px !important;padding-bottom: 10px !important;}\u00a0\u00bb conditional_render=\u00a0\u00bb%5B%7B%22value_role%22%3A%22administrator%22%7D%5D\u00a0\u00bb][vc_column]<h2 class=\"word-rotator slide short m-b-sm\" style=\"font-size:32px;text-align:center;\" data-plugin-options=\"{'waittime': 1500, 'pauseOnHover': false}\"><span class=\"word-rotate-prefix\" style=\"font-weight:700;font-size:32px !important;\">Activer en 4 \u00e9tapes<\/span> <span class=\"word-rotator-items\" style=\"font-weight:900;\"><b class=\"active\">faciles<\/b><b>rapides<\/b><\/span><\/h2><div class=\"porto-process process-horizontal mb-4\"><div class=\"process-step\" data-appear-animation=\"fadeInUp\" data-appear-animation-delay=\"200\"><div class=\"process-step-circle\"><strong class=\"process-step-circle-content\"><i class=\"Simple-Line-Icons-user\"><\/i><\/strong><\/div><div class=\"process-step-content\"><h4 class=\"step-item-title\" style=\"color:#212529\">Premi\u00e8re \u00e9tape<\/h4><div class=\"process-step-desc\">Inscrivez-vous et cr\u00e9ez un compte gratuit<br \/>\n<a class=\"vc_btn3 vc_btn3-shape-default wpb_custom_6687b26f39488ddbb85ddb3c1ce8e111 btn btn-modern btn-md btn-primary\" title=\"\" href=\"\/fr\/mon-compte\">S&rsquo;inscrire maintenant!<\/a><\/div><\/div><\/div><div class=\"process-step\" data-appear-animation=\"fadeInUp\" data-appear-animation-delay=\"400\"><div class=\"process-step-circle\"><strong class=\"process-step-circle-content\"><i class=\"Simple-Line-Icons-screen-smartphone\"><\/i><\/strong><\/div><div class=\"process-step-content\"><h4 class=\"step-item-title\" style=\"color:#212529\">Deuxi\u00e8me \u00e9tape<\/h4><div class=\"process-step-desc\">Ajoutez votre num\u00e9ro (mobile) actuel en tant que num\u00e9ro sortant externe (dans le menu des num\u00e9ros de t\u00e9l\u00e9phone).<\/div><\/div><\/div><div class=\"process-step\" data-appear-animation=\"fadeInUp\" data-appear-animation-delay=\"600\"><div class=\"process-step-circle\"><strong class=\"process-step-circle-content\"><i class=\"Simple-Line-Icons-phone\"><\/i><\/strong><\/div><div class=\"process-step-content\"><h4 class=\"step-item-title\" style=\"color:#212529\">Troisi\u00e8me \u00e9tape<\/h4><div class=\"process-step-desc\">T\u00e9l\u00e9chargez l&rsquo;application Zoiper pour <a href=\"https:\/\/play.google.com\/store\/apps\/details?id=com.zoiper.android.app&amp;hl=en\" target=\"_blank\" rel=\"noopener\">Android<\/a> ou pour <a href=\"https:\/\/itunes.apple.com\/us\/app\/zoiper-sip-softphone-for-voip\/id438949960?mt=8\" target=\"_blank\" rel=\"noopener\">iPhone\/iPad<\/a>.<\/div><\/div><\/div><div class=\"process-step\"><div class=\"process-step-circle\"><strong class=\"process-step-circle-content\">4<\/strong><\/div><div class=\"process-step-content\"><h4 class=\"step-item-title\">Quatri\u00e8me \u00e9tape<\/h4><div class=\"process-step-desc\">D\u00e9marrez l&rsquo;application Zoiper, s\u00e9lectionnez &lsquo;VoipTiger&rsquo; comme fournisseur et utilisez votre compte SIP et le mot de passe correspondant<br \/>\npour enregistrer votre compte SIP.<\/div><\/div><\/div><\/div>[\/vc_column][\/vc_row][vc_row wrap_container=\u00a0\u00bbyes\u00a0\u00bb el_class=\u00a0\u00bbcall-to-action-in-footer\u00a0\u00bb css=\u00a0\u00bb.vc_custom_1663780228496{padding-top: 30px !important;padding-bottom: 30px !important;background-color: #f7f7f7 !important;}\u00a0\u00bb conditional_render=\u00a0\u00bb%5B%7B%22value_role%22%3A%22administrator%22%7D%5D\u00a0\u00bb][vc_column][vc_cta h2=\u00a0\u00bb<\/p>\n<h1>Pas encore convaincu ? Essayez VoipTiger maintenant<\/h1>\n<p>\u00a0\u00bb txt_align=\u00a0\u00bbcenter\u00a0\u00bb shape=\u00a0\u00bbsquare\u00a0\u00bb style=\u00a0\u00bbflat\u00a0\u00bb color=\u00a0\u00bbwhite\u00a0\u00bb add_button=\u00a0\u00bbright\u00a0\u00bb btn_title=\u00a0\u00bbS&rsquo;inscrire maintenant!\u00a0\u00bb btn_style=\u00a0\u00bbmodern\u00a0\u00bb btn_color=\u00a0\u00bbprimary\u00a0\u00bb btn_align=\u00a0\u00bbcenter\u00a0\u00bb btn_skin=\u00a0\u00bbprimary\u00a0\u00bb css=\u00a0\u00bb.vc_custom_1668934892835{background-color: #f7f7f7 !important;}\u00a0\u00bb el_class=\u00a0\u00bbmb-0&Prime; btn_link=\u00a0\u00bburl:%2Ffr%2Fmon-compte\u00a0\u00bb]Inscrivez-vous maintenant et recevez 0,15 \u20ac de cr\u00e9dit d&rsquo;appel <strong>GRATUIT<\/strong> Bon pour environ 10 minutes selon votre destination. Vous pouvez tester VoipTiger gratuitement, sans frais ni engagement suppl\u00e9mentaires.[\/vc_cta][\/vc_column][\/vc_row]<\/p>\n","protected":false},"excerpt":{"rendered":"<p>[vc_row wrap_container=\u00a0\u00bbyes\u00a0\u00bb css=\u00a0\u00bb.vc_custom_1544418348472{padding-top: 60px !important;}\u00a0\u00bb][vc_column width=\u00a0\u00bb5\/6&Prime; offset=\u00a0\u00bbvc_col-sm-offset-1&Prime;][vc_column_text css_animation=\u00a0\u00bbfadeInUp\u00a0\u00bb el_class=\u00a0\u00bbfeatured lead\u00a0\u00bb] \u00c9conomisez environ 75% sur vos appels mobiles en appelant en WIFI ou 4G\/5G sur votre t\u00e9l\u00e9phone Android ou Iphone. Tarifs fous : Appelez les r\u00e9seaux mobiles en Belgique, Hollande, France, Allemagne et Royaume-Uni \u00e0 partir de 0,0165 \u20ac\/minute. [\/vc_column_text][\/vc_column][\/vc_row][vc_row wrap_container=\u00a0\u00bbyes\u00a0\u00bb animation_delay=\u00a0\u00bb\u00a0\u00bb css=\u00a0\u00bb.vc_custom_1544419116391{padding-top: 80px !important;padding-bottom: 60px [&hellip;]<\/p>\n","protected":false},"author":1,"featured_media":0,"parent":0,"menu_order":0,"comment_status":"closed","ping_status":"closed","template":"","meta":{"footnotes":""},"class_list":["post-6765","page","type-page","status-publish","hentry"],"_links":{"self":[{"href":"https:\/\/www.voiptiger.com\/fr\/wp-json\/wp\/v2\/pages\/6765","targetHints":{"allow":["GET"]}}],"collection":[{"href":"https:\/\/www.voiptiger.com\/fr\/wp-json\/wp\/v2\/pages"}],"about":[{"href":"https:\/\/www.voiptiger.com\/fr\/wp-json\/wp\/v2\/types\/page"}],"author":[{"embeddable":true,"href":"https:\/\/www.voiptiger.com\/fr\/wp-json\/wp\/v2\/users\/1"}],"replies":[{"embeddable":true,"href":"https:\/\/www.voiptiger.com\/fr\/wp-json\/wp\/v2\/comments?post=6765"}],"version-history":[{"count":6,"href":"https:\/\/www.voiptiger.com\/fr\/wp-json\/wp\/v2\/pages\/6765\/revisions"}],"predecessor-version":[{"id":6769,"href":"https:\/\/www.voiptiger.com\/fr\/wp-json\/wp\/v2\/pages\/6765\/revisions\/6769"}],"wp:attachment":[{"href":"https:\/\/www.voiptiger.com\/fr\/wp-json\/wp\/v2\/media?parent=6765"}],"curies":[{"name":"wp","href":"https:\/\/api.w.org\/{rel}","templated":true}]}}