{"id":6795,"date":"2022-09-23T07:01:33","date_gmt":"2022-09-23T05:01:33","guid":{"rendered":"https:\/\/prod.voiptiger.com\/partner\/"},"modified":"2022-11-20T10:27:26","modified_gmt":"2022-11-20T09:27:26","slug":"partner","status":"publish","type":"page","link":"https:\/\/www.voiptiger.com\/fr\/partner\/","title":{"rendered":"Partenaire"},"content":{"rendered":"<p>[vc_row wrap_container=\u00a0\u00bbyes\u00a0\u00bb css=\u00a0\u00bb.vc_custom_1544418348472{padding-top: 60px !important;}\u00a0\u00bb][vc_column width=\u00a0\u00bb5\/6&Prime; offset=\u00a0\u00bbvc_col-sm-offset-1&Prime;]<h2 class=\"word-rotator slide short\" data-appear-animation=\"fadeInUp\" style=\"text-align:center;\" data-plugin-options=\"{'waittime': 1500, 'pauseOnHover': false}\"><span class=\"word-rotate-prefix\" style=\"font-weight:700;font-size:32px !important;\">Devenez partenaire de VoipTiger, une entreprise flexible en<\/span> <span class=\"word-rotator-items has-bg\" style=\"color:#ffffff;background:#ff6600;\"><b class=\"active\">croissance rapide <\/b><\/span><\/h2>[vc_column_text css_animation=\u00a0\u00bbfadeInUp\u00a0\u00bb el_class=\u00a0\u00bbfeatured lead\u00a0\u00bb]<\/p>\n<p style=\"text-align: center;\">Si vous \u00eates un vrai professionnel dans votre domaine, vous pouvez devenir partenaire de VoipTiger, une entreprise flexible, performante et en pleine croissance.<\/p>\n<p>[\/vc_column_text][\/vc_column][\/vc_row][vc_row wrap_container=\u00a0\u00bbyes\u00a0\u00bb animation_delay=\u00a0\u00bb\u00a0\u00bb css=\u00a0\u00bb.vc_custom_1544419116391{padding-top: 80px !important;padding-bottom: 60px !important;background-color: #ededed !important;}\u00a0\u00bb][vc_column][vc_custom_heading text=\u00a0\u00bbNous offrons\u00a0\u00bb font_container=\u00a0\u00bbtag:h1|font_size:32px|text_align:center\u00a0\u00bb use_theme_fonts=\u00a0\u00bbyes\u00a0\u00bb css=\u00a0\u00bb.vc_custom_1663916691046{margin-bottom: 40px !important;}\u00a0\u00bb][\/vc_column][vc_column width=\u00a0\u00bb1\/2&Prime; animation_delay=\u00a0\u00bb300&Prime; animation_type=\u00a0\u00bbfadeInRight\u00a0\u00bb]<div class=\"porto-sicon-box  wpb_custom_1efe903570d178ff0a9b7bfa5febd3a4 style_1 left-icon\"><div class=\"porto-sicon-left\"><div class=\"porto-just-icon-wrapper porto-icon advanced\" style=\"color:#0088cc;background:transparent;width:36px;height:36px;line-height:36px;border-radius:500px;font-size:28px;\"><i class=\"Simple-Line-Icons-support\"><\/i><\/div><\/div><div class=\"porto-sicon-body\"><div class=\"porto-sicon-header\"><h3 class=\"porto-sicon-title\" style=\"font-weight:700;\">Commission attractive<\/h3><\/div> <!-- header --><div class=\"porto-sicon-description\" style=\"\">Nous offrons 5% de commission sur tous les achats de vos clients.<\/div> <!-- description --><\/div><\/div><!-- porto-sicon-box -->[\/vc_column][vc_column width=\u00a0\u00bb1\/2&Prime; animation_type=\u00a0\u00bbfadeInUp\u00a0\u00bb]<div class=\"porto-sicon-box  wpb_custom_1efe903570d178ff0a9b7bfa5febd3a4 style_1 left-icon\"><div class=\"porto-sicon-left\"><div class=\"porto-just-icon-wrapper porto-icon advanced\" style=\"color:#0088cc;background:transparent;width:36px;height:36px;line-height:36px;border-radius:500px;font-size:28px;\"><i class=\"Simple-Line-Icons-layers\"><\/i><\/div><\/div><div class=\"porto-sicon-body\"><div class=\"porto-sicon-header\"><h3 class=\"porto-sicon-title\" style=\"font-weight:700;\">Acc\u00e8s direct \u00e0 la section partenaires<\/h3><\/div> <!-- header --><div class=\"porto-sicon-description\" style=\"\">G\u00e9rez et configurez vos clients \u00e0 l&rsquo;aide du portail des partenaires<\/div> <!-- description --><\/div><\/div><!-- porto-sicon-box -->[\/vc_column][vc_column width=\u00a0\u00bb1\/2&Prime; animation_delay=\u00a0\u00bb300&Prime; animation_type=\u00a0\u00bbfadeInLeft\u00a0\u00bb]<div class=\"porto-sicon-box  wpb_custom_1efe903570d178ff0a9b7bfa5febd3a4 style_1 left-icon\"><div class=\"porto-sicon-left\"><div class=\"porto-just-icon-wrapper porto-icon advanced\" style=\"color:#0088cc;background:transparent;width:36px;height:36px;line-height:36px;border-radius:500px;font-size:28px;\"><i class=\"Simple-Line-Icons-menu\"><\/i><\/div><\/div><div class=\"porto-sicon-body\"><div class=\"porto-sicon-header\"><h3 class=\"porto-sicon-title\" style=\"font-weight:700;\">Exclusivit\u00e9 r\u00e9gionale dans certaines r\u00e9gions<\/h3><\/div> <!-- header --><div class=\"porto-sicon-description\" style=\"\">La possibilit\u00e9 d&rsquo;avoir une exclusivit\u00e9 r\u00e9gionale selon le pays.<\/div> <!-- description --><\/div><\/div><!-- porto-sicon-box -->[\/vc_column][vc_column width=\u00a0\u00bb1\/2&Prime; animation_delay=\u00a0\u00bb300&Prime; animation_type=\u00a0\u00bbfadeInRight\u00a0\u00bb]<div class=\"porto-sicon-box  wpb_custom_1efe903570d178ff0a9b7bfa5febd3a4 style_1 left-icon\"><div class=\"porto-sicon-left\"><div class=\"porto-just-icon-wrapper porto-icon advanced\" style=\"color:#0088cc;background:transparent;width:36px;height:36px;line-height:36px;border-radius:500px;font-size:28px;\"><i class=\"Simple-Line-Icons-doc\"><\/i><\/div><\/div><div class=\"porto-sicon-body\"><div class=\"porto-sicon-header\"><h3 class=\"porto-sicon-title\" style=\"font-weight:700;\">Forfaits d'essai<\/h3><\/div> <!-- header --><div class=\"porto-sicon-description\" style=\"\">Offrez \u00e0 vos clients la possibilit\u00e9 de tester le produit avant de l&rsquo;acheter.<\/div> <!-- description --><\/div><\/div><!-- porto-sicon-box -->[\/vc_column][\/vc_row][vc_row wrap_container=\u00a0\u00bbyes\u00a0\u00bb css=\u00a0\u00bb.vc_custom_1544418348472{padding-top: 60px !important;}\u00a0\u00bb][vc_column width=\u00a0\u00bb5\/6&Prime; offset=\u00a0\u00bbvc_col-sm-offset-1&Prime;][vc_column_text css_animation=\u00a0\u00bbfadeInUp\u00a0\u00bb el_class=\u00a0\u00bbfeatured lead\u00a0\u00bb]<\/p>\n<p style=\"text-align: center;\">La coop\u00e9ration est con\u00e7ue pour les partenaires qui sont capables et d\u00e9sireux de fournir un soutien maximal aux clients et ainsi nous aider \u00e0 d\u00e9velopper la bonne volont\u00e9 de la marque VoipTiger. En retour, vous obtenez une mine d&rsquo;informations et un savoir-faire unique pour la croissance future de votre entreprise.<\/p>\n<p>[\/vc_column_text][\/vc_column][\/vc_row]<\/p>\n","protected":false},"excerpt":{"rendered":"<p>[vc_row wrap_container=\u00a0\u00bbyes\u00a0\u00bb css=\u00a0\u00bb.vc_custom_1544418348472{padding-top: 60px !important;}\u00a0\u00bb][vc_column width=\u00a0\u00bb5\/6&Prime; offset=\u00a0\u00bbvc_col-sm-offset-1&Prime;][vc_column_text css_animation=\u00a0\u00bbfadeInUp\u00a0\u00bb el_class=\u00a0\u00bbfeatured lead\u00a0\u00bb] Si vous \u00eates un vrai professionnel dans votre domaine, vous pouvez devenir partenaire de VoipTiger, une entreprise flexible, performante et en pleine croissance. [\/vc_column_text][\/vc_column][\/vc_row][vc_row wrap_container=\u00a0\u00bbyes\u00a0\u00bb animation_delay=\u00a0\u00bb\u00a0\u00bb css=\u00a0\u00bb.vc_custom_1544419116391{padding-top: 80px !important;padding-bottom: 60px !important;background-color: #ededed !important;}\u00a0\u00bb][vc_column][vc_custom_heading text=\u00a0\u00bbNous offrons\u00a0\u00bb font_container=\u00a0\u00bbtag:h1|font_size:32px|text_align:center\u00a0\u00bb use_theme_fonts=\u00a0\u00bbyes\u00a0\u00bb css=\u00a0\u00bb.vc_custom_1663916691046{margin-bottom: 40px !important;}\u00a0\u00bb][\/vc_column][vc_column width=\u00a0\u00bb1\/2&Prime; animation_delay=\u00a0\u00bb300&Prime; animation_type=\u00a0\u00bbfadeInRight\u00a0\u00bb][\/vc_column][vc_column width=\u00a0\u00bb1\/2&Prime; animation_type=\u00a0\u00bbfadeInUp\u00a0\u00bb][\/vc_column][vc_column [&hellip;]<\/p>\n","protected":false},"author":1,"featured_media":0,"parent":0,"menu_order":0,"comment_status":"closed","ping_status":"closed","template":"","meta":{"footnotes":""},"class_list":["post-6795","page","type-page","status-publish","hentry"],"_links":{"self":[{"href":"https:\/\/www.voiptiger.com\/fr\/wp-json\/wp\/v2\/pages\/6795","targetHints":{"allow":["GET"]}}],"collection":[{"href":"https:\/\/www.voiptiger.com\/fr\/wp-json\/wp\/v2\/pages"}],"about":[{"href":"https:\/\/www.voiptiger.com\/fr\/wp-json\/wp\/v2\/types\/page"}],"author":[{"embeddable":true,"href":"https:\/\/www.voiptiger.com\/fr\/wp-json\/wp\/v2\/users\/1"}],"replies":[{"embeddable":true,"href":"https:\/\/www.voiptiger.com\/fr\/wp-json\/wp\/v2\/comments?post=6795"}],"version-history":[{"count":7,"href":"https:\/\/www.voiptiger.com\/fr\/wp-json\/wp\/v2\/pages\/6795\/revisions"}],"predecessor-version":[{"id":6801,"href":"https:\/\/www.voiptiger.com\/fr\/wp-json\/wp\/v2\/pages\/6795\/revisions\/6801"}],"wp:attachment":[{"href":"https:\/\/www.voiptiger.com\/fr\/wp-json\/wp\/v2\/media?parent=6795"}],"curies":[{"name":"wp","href":"https:\/\/api.w.org\/{rel}","templated":true}]}}